{"id":1905,"date":"2016-06-15T07:59:30","date_gmt":"2016-06-15T07:59:30","guid":{"rendered":"http:\/\/www.iltar-italbox.it\/home-01\/"},"modified":"2021-03-30T16:32:00","modified_gmt":"2021-03-30T16:32:00","slug":"home-01","status":"publish","type":"page","link":"https:\/\/www.iltar-italbox.it\/de\/","title":{"rendered":"Home"},"content":{"rendered":"<p>[vc_row full_width=&#8220;stretch_row_content_no_spaces&#8220;][vc_column css=&#8220;.vc_custom_1469761915461{margin-bottom: 45px !important;}&#8220;][rev_slider_vc alias=&#8220;slider_deu&#8220;][\/vc_column][\/vc_row][vc_row full_width=&#8220;stretch_row&#8220;][vc_column][vc_custom_heading text=&#8220;FCA 2020 AWARD&#8220; font_container=&#8220;tag:h2|font_size:56px|text_align:center|color:%23ed7a21&#8243; use_theme_fonts=&#8220;yes&#8220; tm_letter_spacing=&#8220;3px&#8220;][vc_empty_space][\/vc_column][vc_column width=&#8220;1\/3&#8243; css=&#8220;.vc_custom_1469761915461{margin-bottom: 45px !important;}&#8220;][vc_single_image image=&#8220;2123&#8243; img_size=&#8220;full&#8220; alignment=&#8220;center&#8220;][\/vc_column][vc_column width=&#8220;1\/3&#8243;][vc_single_image image=&#8220;2172&#8243; img_size=&#8220;full&#8220; alignment=&#8220;center&#8220;][\/vc_column][vc_column width=&#8220;1\/3&#8243;][vc_single_image image=&#8220;2122&#8243; img_size=&#8220;full&#8220; alignment=&#8220;center&#8220;][\/vc_column][vc_column][vc_separator color=&#8220;custom&#8220; style=&#8220;shadow&#8220; el_width=&#8220;80&#8243; accent_color=&#8220;#ed7a21&#8243;][\/vc_column][\/vc_row][vc_row css=&#8220;.vc_custom_1470021420522{margin-bottom: 70px !important;}&#8220;][vc_column width=&#8220;1\/3&#8243;][vc_column_text]<\/p>\n<h3 style=\"text-align: center;\"><a href=\"https:\/\/www.iltar-italbox.it\/de\/uber-uns\/\"><strong><span style=\"color: #808080;\">Iltar Italbox: ein Marktf\u00fchrer<\/span><\/strong><\/a><\/h3>\n<p style=\"text-align: center;\">Seit fast 60 Jahren auf den Markt, Itar-Italbox S.p.A.<br \/>\nist europ\u00e4ische Marktf\u00fchrer in Design und<br \/>\nFertigung von Elementen und Komponenten in<br \/>\nExpandiertes Polypropylen (EPP),<br \/>\nExpandiertes Polyethylen (EPE),<br \/>\nExpandiertes Polystyrol (EPS).<\/p>\n<p>[\/vc_column_text][\/vc_column][vc_column width=&#8220;1\/3&#8243;][vc_column_text]<\/p>\n<h3 style=\"text-align: center;\"><a href=\"https:\/\/www.iltar-italbox.it\/de\/uber-uns\/\"><strong><span style=\"color: #808080;\">Vom Design bis zur Produktion<\/span><\/strong><\/a><\/h3>\n<p style=\"text-align: center;\">Iltar-Italbox verfolgt seine Mission auf der Grundlage der \u00dcberzeugung, dass die Produktqualit\u00e4t das Ergebnis des globalen Ansatzes ist, der das gesamte Unternehmen durchdringt und die gesamte Kontrolle \u00fcber den Prozess vom Design bis zur Fertigung des fertigen Produktes.<\/p>\n<p>[\/vc_column_text][\/vc_column][vc_column width=&#8220;1\/3&#8243;][vc_column_text]<\/p>\n<h3 style=\"text-align: center;\"><a href=\"https:\/\/www.iltar-italbox.it\/de\/leistungen\/\"><strong><span style=\"color: #808080;\">Kundendienstleistungen<\/span><\/strong><\/a><\/h3>\n<p style=\"text-align: center;\">Iltar-Italbox stellt den Kunden in den Mittelpunkt der Aufmerksamkeit: eine Strategie, die in Dienstleistungen umgibt, die den Kunden \u00fcber den Produktionsprozess unterst\u00fctzen, vom Design bis hin zum genauen Logistikmanagement, wie p\u00fcnktliche Lieferung vom fertigen Produkt.<\/p>\n<p>[\/vc_column_text][\/vc_column][\/vc_row][vc_row full_width=&#8220;stretch_row&#8220; css=&#8220;.vc_custom_1490693193630{padding-top: 0px !important;padding-bottom: 0px !important;background-color: #666666 !important;}&#8220; el_class=&#8220;clients-row&#8220;][vc_column el_class=&#8220;esg-navbutton-top-right&#8220;][vc_column_text]<\/p>\n<h2 style=\"text-align: center;\"><span style=\"color: #ffffff;\">L\u00f6sungen und Produkte<\/span><\/h2>\n<p>[\/vc_column_text][\/vc_column][\/vc_row][vc_row full_width=&#8220;stretch_row&#8220; css=&#8220;.vc_custom_1490693485975{padding-top: 0px !important;padding-bottom: 50px !important;background-color: #666666 !important;}&#8220; el_class=&#8220;clients-row&#8220;][vc_column width=&#8220;1\/4&#8243; el_class=&#8220;esg-navbutton-top-right&#8220;][vc_column_text]<\/p>\n<p style=\"text-align: center;\"><span style=\"color: #ffffff;\"><a href=\"https:\/\/www.iltar-italbox.it\/de\/automotive-bauteilproduktion-expandiertes-polypropylen\/\"><img loading=\"lazy\" decoding=\"async\" class=\"aligncenter size-full wp-image-1539\" src=\"http:\/\/www.iltar-italbox.it\/wp-content\/uploads\/2017\/04\/industrial-robot-7.jpg\" alt=\"\" width=\"100\" height=\"100\" \/><\/a><\/span><\/p>\n<p style=\"text-align: center;\"><span style=\"color: #ffffff;\">Automotive Bauteilproduktion aus Expandiertes Polypropylen (EPP)<\/span><strong><br \/>\n<\/strong><\/p>\n<p>[\/vc_column_text][\/vc_column][vc_column width=&#8220;1\/4&#8243;][vc_column_text]<\/p>\n<p style=\"text-align: center;\"><a href=\"https:\/\/www.iltar-italbox.it\/de\/expandiertes-polypropylen-polyethylen-wiederverwendbare\/\"><strong><img loading=\"lazy\" decoding=\"async\" class=\"aligncenter wp-image-1534 size-full\" src=\"http:\/\/www.iltar-italbox.it\/wp-content\/uploads\/2017\/04\/conveyor-1.jpg\" alt=\"\" width=\"100\" height=\"100\" \/><\/strong><\/a><\/p>\n<p style=\"text-align: center;\"><span style=\"color: #ffffff;\">Wiederverwendbare Industrieverpackungen aus<br \/>\nExpandiertes Polypropylen (EPP<br \/>\nund Polyethylen Schaum (EPE)<\/span><strong><br \/>\n<\/strong><\/p>\n<p>[\/vc_column_text][\/vc_column][vc_column width=&#8220;1\/4&#8243;][vc_column_text]<\/p>\n<p style=\"text-align: center;\"><a href=\"https:\/\/www.iltar-italbox.it\/de\/industrielle-verpackung-expandiertes-polystyrol\/\"><strong><img loading=\"lazy\" decoding=\"async\" class=\"aligncenter wp-image-1538 size-full\" src=\"http:\/\/www.iltar-italbox.it\/wp-content\/uploads\/2017\/04\/industrial-robot-2.jpg\" alt=\"\" width=\"100\" height=\"100\" \/><\/strong><\/a><\/p>\n<p style=\"text-align: center;\"><span style=\"color: #ffffff;\">Einweg Industrielle Verpackung aus Expandiertes Polystyrol (EPS)<\/span><\/p>\n<p>[\/vc_column_text][\/vc_column][vc_column width=&#8220;1\/4&#8243;][vc_column_text]<\/p>\n<p style=\"text-align: center;\"><a href=\"https:\/\/www.iltar-italbox.it\/de\/andere-anwendungen-expandiertes-polypropylen\/\"><strong><img loading=\"lazy\" decoding=\"async\" class=\"aligncenter wp-image-1540 size-full\" src=\"http:\/\/www.iltar-italbox.it\/wp-content\/uploads\/2017\/04\/piuma.jpg\" alt=\"\" width=\"100\" height=\"100\" \/><\/strong><\/a><\/p>\n<p style=\"text-align: center;\"><span style=\"color: #ffffff;\">Andere Anwendungen aus Expandiertes \u00a0Polypropylen (EPP)<\/span><\/p>\n<p>[\/vc_column_text][\/vc_column][\/vc_row][vc_row full_width=&#8220;stretch_row&#8220; css=&#8220;.vc_custom_1490697066828{padding-top: 0px !important;padding-bottom: 50px !important;}&#8220; el_class=&#8220;clients-row&#8220;][vc_column el_class=&#8220;esg-navbutton-top-right&#8220;][vc_column_text]<\/p>\n<h2 style=\"text-align: center;\"><span style=\"color: #808080;\"><span id=\"result_box\" class=\"short_text\" lang=\"de\"><span class=\"\">M\u00e4rkte<\/span><\/span><\/span><\/h2>\n<p>[\/vc_column_text][vc_row_inner][vc_column_inner width=&#8220;1\/12&#8243;][\/vc_column_inner][vc_column_inner width=&#8220;2\/12&#8243;][vc_column_text]<\/p>\n<p style=\"text-align: center;\"><img loading=\"lazy\" decoding=\"async\" class=\"aligncenter wp-image-1349 size-medium\" src=\"http:\/\/www.iltar-italbox.it\/wp-content\/uploads\/2016\/06\/automotive-300x159.jpg\" alt=\"\" width=\"300\" height=\"159\" srcset=\"https:\/\/www.iltar-italbox.it\/wp-content\/uploads\/2016\/06\/automotive-300x159.jpg 300w, https:\/\/www.iltar-italbox.it\/wp-content\/uploads\/2016\/06\/automotive.jpg 566w\" sizes=\"auto, (max-width: 300px) 100vw, 300px\" \/>Automotive<\/p>\n<p>[\/vc_column_text][\/vc_column_inner][vc_column_inner width=&#8220;2\/12&#8243;][vc_column_text]<\/p>\n<p style=\"text-align: center;\"><img loading=\"lazy\" decoding=\"async\" class=\"aligncenter size-medium wp-image-1355\" src=\"http:\/\/www.iltar-italbox.it\/wp-content\/uploads\/2016\/06\/trucks-300x159.jpg\" alt=\"\" width=\"300\" height=\"159\" srcset=\"https:\/\/www.iltar-italbox.it\/wp-content\/uploads\/2016\/06\/trucks-300x159.jpg 300w, https:\/\/www.iltar-italbox.it\/wp-content\/uploads\/2016\/06\/trucks.jpg 566w\" sizes=\"auto, (max-width: 300px) 100vw, 300px\" \/>Trucks<\/p>\n<p>[\/vc_column_text][\/vc_column_inner][vc_column_inner width=&#8220;2\/12&#8243;][vc_column_text]<\/p>\n<p style=\"text-align: center;\"><img loading=\"lazy\" decoding=\"async\" class=\"aligncenter size-medium wp-image-1350\" src=\"http:\/\/www.iltar-italbox.it\/wp-content\/uploads\/2016\/06\/avio-300x159.jpg\" alt=\"\" width=\"300\" height=\"159\" srcset=\"https:\/\/www.iltar-italbox.it\/wp-content\/uploads\/2016\/06\/avio-300x159.jpg 300w, https:\/\/www.iltar-italbox.it\/wp-content\/uploads\/2016\/06\/avio.jpg 566w\" sizes=\"auto, (max-width: 300px) 100vw, 300px\" \/>Avio<\/p>\n<p>[\/vc_column_text][\/vc_column_inner][vc_column_inner width=&#8220;2\/12&#8243;][vc_column_text]<\/p>\n<p style=\"text-align: center;\"><img loading=\"lazy\" decoding=\"async\" class=\"aligncenter size-medium wp-image-1354\" src=\"http:\/\/www.iltar-italbox.it\/wp-content\/uploads\/2016\/06\/termoidraulica-300x159.jpg\" alt=\"\" width=\"300\" height=\"159\" srcset=\"https:\/\/www.iltar-italbox.it\/wp-content\/uploads\/2016\/06\/termoidraulica-300x159.jpg 300w, https:\/\/www.iltar-italbox.it\/wp-content\/uploads\/2016\/06\/termoidraulica.jpg 566w\" sizes=\"auto, (max-width: 300px) 100vw, 300px\" \/>Plumbing<\/p>\n<p>[\/vc_column_text][\/vc_column_inner][vc_column_inner width=&#8220;2\/12&#8243;][vc_column_text]<\/p>\n<p style=\"text-align: center;\"><img loading=\"lazy\" decoding=\"async\" class=\"aligncenter size-medium wp-image-1351\" src=\"http:\/\/www.iltar-italbox.it\/wp-content\/uploads\/2016\/06\/ferroviario-300x159.jpg\" alt=\"\" width=\"300\" height=\"159\" srcset=\"https:\/\/www.iltar-italbox.it\/wp-content\/uploads\/2016\/06\/ferroviario-300x159.jpg 300w, https:\/\/www.iltar-italbox.it\/wp-content\/uploads\/2016\/06\/ferroviario.jpg 566w\" sizes=\"auto, (max-width: 300px) 100vw, 300px\" \/>Railway<\/p>\n<p>[\/vc_column_text][\/vc_column_inner][vc_column_inner width=&#8220;1\/12&#8243;][\/vc_column_inner][\/vc_row_inner][vc_row_inner][vc_column_inner width=&#8220;1\/12&#8243;][\/vc_column_inner][vc_column_inner width=&#8220;2\/12&#8243;][vc_column_text]<\/p>\n<p style=\"text-align: center;\"><img loading=\"lazy\" decoding=\"async\" class=\"aligncenter wp-image-1352 size-medium\" src=\"http:\/\/www.iltar-italbox.it\/wp-content\/uploads\/2016\/06\/nautica-300x159.jpg\" alt=\"\" width=\"300\" height=\"159\" srcset=\"https:\/\/www.iltar-italbox.it\/wp-content\/uploads\/2016\/06\/nautica-300x159.jpg 300w, https:\/\/www.iltar-italbox.it\/wp-content\/uploads\/2016\/06\/nautica.jpg 566w\" sizes=\"auto, (max-width: 300px) 100vw, 300px\" \/>Nautical<\/p>\n<p>[\/vc_column_text][\/vc_column_inner][vc_column_inner width=&#8220;2\/12&#8243;][vc_column_text]<\/p>\n<p style=\"text-align: center;\"><img loading=\"lazy\" decoding=\"async\" class=\"aligncenter wp-image-1347 size-medium\" src=\"http:\/\/www.iltar-italbox.it\/wp-content\/uploads\/2016\/06\/agricoltura-300x159.jpg\" alt=\"\" width=\"300\" height=\"159\" srcset=\"https:\/\/www.iltar-italbox.it\/wp-content\/uploads\/2016\/06\/agricoltura-300x159.jpg 300w, https:\/\/www.iltar-italbox.it\/wp-content\/uploads\/2016\/06\/agricoltura.jpg 566w\" sizes=\"auto, (max-width: 300px) 100vw, 300px\" \/>Agriculture<\/p>\n<p>[\/vc_column_text][\/vc_column_inner][vc_column_inner width=&#8220;2\/12&#8243;][vc_column_text]<\/p>\n<p style=\"text-align: center;\"><img loading=\"lazy\" decoding=\"async\" class=\"aligncenter wp-image-1353 size-medium\" src=\"http:\/\/www.iltar-italbox.it\/wp-content\/uploads\/2016\/06\/sport_leisure-300x159.jpg\" alt=\"\" width=\"300\" height=\"159\" srcset=\"https:\/\/www.iltar-italbox.it\/wp-content\/uploads\/2016\/06\/sport_leisure-300x159.jpg 300w, https:\/\/www.iltar-italbox.it\/wp-content\/uploads\/2016\/06\/sport_leisure.jpg 566w\" sizes=\"auto, (max-width: 300px) 100vw, 300px\" \/>Sport &amp; Leisure<\/p>\n<p>[\/vc_column_text][\/vc_column_inner][vc_column_inner width=&#8220;2\/12&#8243;][vc_column_text]<\/p>\n<p style=\"text-align: center;\"><img loading=\"lazy\" decoding=\"async\" class=\"aligncenter wp-image-1623 size-medium\" src=\"http:\/\/www.iltar-italbox.it\/wp-content\/uploads\/2016\/06\/design_furniture-300x159.jpg\" alt=\"\" width=\"300\" height=\"159\" srcset=\"https:\/\/www.iltar-italbox.it\/wp-content\/uploads\/2016\/06\/design_furniture-300x159.jpg 300w, https:\/\/www.iltar-italbox.it\/wp-content\/uploads\/2016\/06\/design_furniture.jpg 566w\" sizes=\"auto, (max-width: 300px) 100vw, 300px\" \/>Design &amp; Furniture<\/p>\n<p>[\/vc_column_text][\/vc_column_inner][vc_column_inner width=&#8220;2\/12&#8243;][vc_column_text]<\/p>\n<p style=\"text-align: center;\"><img loading=\"lazy\" decoding=\"async\" class=\"aligncenter wp-image-1348 size-medium\" src=\"http:\/\/www.iltar-italbox.it\/wp-content\/uploads\/2016\/06\/app_innovative-300x159.jpg\" alt=\"\" width=\"300\" height=\"159\" srcset=\"https:\/\/www.iltar-italbox.it\/wp-content\/uploads\/2016\/06\/app_innovative-300x159.jpg 300w, https:\/\/www.iltar-italbox.it\/wp-content\/uploads\/2016\/06\/app_innovative.jpg 566w\" sizes=\"auto, (max-width: 300px) 100vw, 300px\" \/><\/p>\n<div class=\"vc_row wpb_row vc_inner vc_row-fluid\">\n<div class=\"wpb_column vc_column_container vc_col-sm-2\">\n<div class=\"vc_column-inner \">\n<div class=\"wpb_wrapper\">\n<div class=\"wpb_text_column wpb_content_element \">\n<div class=\"wpb_wrapper\">\n<p style=\"text-align: center;\">Innovative Application<\/p>\n<\/div>\n<\/div>\n<\/div>\n<\/div>\n<\/div>\n<\/div>\n<p>[\/vc_column_text][\/vc_column_inner][vc_column_inner width=&#8220;1\/12&#8243;][\/vc_column_inner][\/vc_row_inner][\/vc_column][\/vc_row][vc_row full_width=&#8220;stretch_row&#8220; css=&#8220;.vc_custom_1501079511067{padding-bottom: 50px !important;background-color: #666666 !important;}&#8220; el_class=&#8220;clients-row&#8220;][vc_column width=&#8220;1\/3&#8243; el_class=&#8220;counter-column&#8220; css=&#8220;.vc_custom_1501079520925{margin-top: 50px !important;}&#8220;][vc_single_image image=&#8220;1537&#8243; img_size=&#8220;100&#215;100&#8243; alignment=&#8220;center&#8220;][thememove_counter style=&#8220;2&#8243; counter_items=&#8220;%5B%7B%22icon%22%3A%22fa%20fa-instagram%22%2C%22number%22%3A%2261%22%2C%22text%22%3A%22Jahre%20Geschichte%22%7D%5D&#8220;][\/vc_column][vc_column width=&#8220;1\/3&#8243; el_class=&#8220;counter-column&#8220; css=&#8220;.vc_custom_1501079528518{margin-top: 50px !important;}&#8220;][vc_single_image image=&#8220;1536&#8243; img_size=&#8220;100&#215;100&#8243; alignment=&#8220;center&#8220;][thememove_counter counter_items=&#8220;%5B%7B%22icon%22%3A%22fa%20fa-instagram%22%2C%22number%22%3A%22110.000%22%2C%22text%22%3A%22mq.%20Unternehmensoberfl%C3%A4che%22%7D%5D&#8220;][\/vc_column][vc_column width=&#8220;1\/3&#8243; el_class=&#8220;counter-column&#8220; css=&#8220;.vc_custom_1501079535285{margin-top: 50px !important;}&#8220;][vc_single_image image=&#8220;1535&#8243; img_size=&#8220;100&#215;100&#8243; alignment=&#8220;center&#8220;][thememove_counter counter_items=&#8220;%5B%7B%22icon%22%3A%22fa%20fa-instagram%22%2C%22number%22%3A%2216%22%2C%22text%22%3A%22L%C3%A4nder%20die%20wir%20exportieren%22%7D%5D&#8220;][\/vc_column][\/vc_row][vc_row full_width=&#8220;stretch_row&#8220; css=&#8220;.vc_custom_1490697066828{padding-top: 0px !important;padding-bottom: 50px !important;}&#8220; el_class=&#8220;clients-row&#8220;][vc_column el_class=&#8220;esg-navbutton-top-right&#8220;][vc_column_text]<\/p>\n<h2 style=\"text-align: center;\"><span style=\"color: #808080;\"><span id=\"result_box\" class=\"short_text\" lang=\"de\"><span class=\"\">Mitglieder<\/span><\/span><\/span><\/h2>\n<p>[\/vc_column_text][vc_row_inner][vc_column_inner width=&#8220;1\/4&#8243;][vc_column_text]<a href=\"http:\/\/www.anfia.it\"><img loading=\"lazy\" decoding=\"async\" class=\"aligncenter size-medium wp-image-1367\" src=\"http:\/\/www.iltar-italbox.it\/wp-content\/uploads\/2016\/06\/anfia-300x159.jpg\" alt=\"\" width=\"300\" height=\"159\" srcset=\"https:\/\/www.iltar-italbox.it\/wp-content\/uploads\/2016\/06\/anfia-300x159.jpg 300w, https:\/\/www.iltar-italbox.it\/wp-content\/uploads\/2016\/06\/anfia.jpg 566w\" sizes=\"auto, (max-width: 300px) 100vw, 300px\" \/><\/a>[\/vc_column_text][\/vc_column_inner][vc_column_inner width=&#8220;1\/4&#8243;][vc_column_text]<a href=\"http:\/\/www.fromconcepttocar.com\/\"><img loading=\"lazy\" decoding=\"async\" class=\"aligncenter size-medium wp-image-1366\" src=\"http:\/\/www.iltar-italbox.it\/wp-content\/uploads\/2016\/06\/fromconcept-300x159.jpg\" alt=\"\" width=\"300\" height=\"159\" srcset=\"https:\/\/www.iltar-italbox.it\/wp-content\/uploads\/2016\/06\/fromconcept-300x159.jpg 300w, https:\/\/www.iltar-italbox.it\/wp-content\/uploads\/2016\/06\/fromconcept.jpg 566w\" sizes=\"auto, (max-width: 300px) 100vw, 300px\" \/><\/a>[\/vc_column_text][\/vc_column_inner][vc_column_inner width=&#8220;1\/4&#8243;][vc_column_text]<a href=\"http:\/\/www.confindustriacanavese.it\/Prj\/Hom.asp\"><img loading=\"lazy\" decoding=\"async\" class=\"aligncenter size-medium wp-image-1365\" src=\"http:\/\/www.iltar-italbox.it\/wp-content\/uploads\/2016\/06\/confcan-300x159.jpg\" alt=\"\" width=\"300\" height=\"159\" srcset=\"https:\/\/www.iltar-italbox.it\/wp-content\/uploads\/2016\/06\/confcan-300x159.jpg 300w, https:\/\/www.iltar-italbox.it\/wp-content\/uploads\/2016\/06\/confcan.jpg 566w\" sizes=\"auto, (max-width: 300px) 100vw, 300px\" \/><\/a>[\/vc_column_text][\/vc_column_inner][vc_column_inner width=&#8220;1\/4&#8243;][vc_column_text]<a href=\"http:\/\/arpro.com\/\"><img loading=\"lazy\" decoding=\"async\" class=\"aligncenter wp-image-1976 size-medium\" src=\"http:\/\/www.iltar-italbox.it\/wp-content\/uploads\/2016\/06\/ARP-300x159.jpg\" alt=\"\" width=\"300\" height=\"159\" \/><\/a>[\/vc_column_text][\/vc_column_inner][\/vc_row_inner][\/vc_column][\/vc_row]<\/p>\n","protected":false},"excerpt":{"rendered":"<p>[vc_row full_width=&#8220;stretch_row_content_no_spaces&#8220;][vc_column css=&#8220;.vc_custom_1469761915461{margin-bottom: 45px !important;}&#8220;][rev_slider_vc alias=&#8220;slider_deu&#8220;][\/vc_column][\/vc_row][vc_row full_width=&#8220;stretch_row&#8220;][vc_column][vc_custom_heading text=&#8220;FCA 2020 AWARD&#8220; font_container=&#8220;tag:h2|font_size:56px|text_align:center|color:%23ed7a21&#8243; use_theme_fonts=&#8220;yes&#8220; tm_letter_spacing=&#8220;3px&#8220;][vc_empty_space][\/vc_column][vc_column width=&#8220;1\/3&#8243; css=&#8220;.vc_custom_1469761915461{margin-bottom: 45px !important;}&#8220;][vc_single_image image=&#8220;2123&#8243; img_size=&#8220;full&#8220; alignment=&#8220;center&#8220;][\/vc_column][vc_column width=&#8220;1\/3&#8243;][vc_single_image image=&#8220;2172&#8243; img_size=&#8220;full&#8220; alignment=&#8220;center&#8220;][\/vc_column][vc_column width=&#8220;1\/3&#8243;][vc_single_image image=&#8220;2122&#8243; img_size=&#8220;full&#8220; alignment=&#8220;center&#8220;][\/vc_column][vc_column][vc_separator color=&#8220;custom&#8220; style=&#8220;shadow&#8220; el_width=&#8220;80&#8243; accent_color=&#8220;#ed7a21&#8243;][\/vc_column][\/vc_row][vc_row css=&#8220;.vc_custom_1470021420522{margin-bottom: 70px !important;}&#8220;][vc_column width=&#8220;1\/3&#8243;][vc_column_text] Iltar Italbox: ein Marktf\u00fchrer Seit fast 60 Jahren auf den Markt, Itar-Italbox S.p.A. ist europ\u00e4ische Marktf\u00fchrer in Design und [&hellip;]<\/p>\n","protected":false},"author":6,"featured_media":0,"parent":0,"menu_order":0,"comment_status":"closed","ping_status":"closed","template":"","meta":{"footnotes":""},"class_list":["post-1905","page","type-page","status-publish","hentry"],"_links":{"self":[{"href":"https:\/\/www.iltar-italbox.it\/de\/wp-json\/wp\/v2\/pages\/1905","targetHints":{"allow":["GET"]}}],"collection":[{"href":"https:\/\/www.iltar-italbox.it\/de\/wp-json\/wp\/v2\/pages"}],"about":[{"href":"https:\/\/www.iltar-italbox.it\/de\/wp-json\/wp\/v2\/types\/page"}],"author":[{"embeddable":true,"href":"https:\/\/www.iltar-italbox.it\/de\/wp-json\/wp\/v2\/users\/6"}],"replies":[{"embeddable":true,"href":"https:\/\/www.iltar-italbox.it\/de\/wp-json\/wp\/v2\/comments?post=1905"}],"version-history":[{"count":21,"href":"https:\/\/www.iltar-italbox.it\/de\/wp-json\/wp\/v2\/pages\/1905\/revisions"}],"predecessor-version":[{"id":2175,"href":"https:\/\/www.iltar-italbox.it\/de\/wp-json\/wp\/v2\/pages\/1905\/revisions\/2175"}],"wp:attachment":[{"href":"https:\/\/www.iltar-italbox.it\/de\/wp-json\/wp\/v2\/media?parent=1905"}],"curies":[{"name":"wp","href":"https:\/\/api.w.org\/{rel}","templated":true}]}}