{"id":1906,"date":"2016-07-27T09:33:23","date_gmt":"2016-07-27T09:33:23","guid":{"rendered":"http:\/\/www.iltar-italbox.it\/polipropilene-espanso-automotive\/"},"modified":"2017-10-23T13:34:04","modified_gmt":"2017-10-23T13:34:04","slug":"automotive-bauteilproduktion-expandiertes-polypropylen","status":"publish","type":"page","link":"https:\/\/www.iltar-italbox.it\/de\/automotive-bauteilproduktion-expandiertes-polypropylen\/","title":{"rendered":"Automotive Bauteilproduktion aus Expandiertes Polypropylen (EPP)"},"content":{"rendered":"<p>[vc_row css=&#8220;.vc_custom_1491831592500{margin-bottom: 100px !important;}&#8220;][vc_column width=&#8220;1\/2&#8243;][vc_column_text]Die zunehmende Verwendung in Automobil Sektor von gesch\u00e4umten Komponenten aus Expandiertes Polypropylen (EPP) wird durch die besonderen Eigenschaften dieses Materials bestimmt. Elastisch, widerstandsf\u00e4hig und in der Lage, akustische und thermische Isolierung zu bieten, das Expandiertes Polypropylen (EPP) erm\u00f6glicht die Erstellung von eine breitere Palette von leichten Komponenten: eine unverzichtbare Qualit\u00e4t f\u00fcr diese Branche, st\u00e4ndig an die suche von L\u00f6sungen, die in die Lage sind \u00a0das Gesamtgewicht von Fahrzeugen zu reduzieren zum Nutzen der Leistung, des Verbrauchs und damit der Umweltbelastung.<\/p>\n<p>Iltar-Italbox verbindet die langj\u00e4hrige Erfahrung in der Verarbeitung dieses Materials mit der Konstruktionsf\u00e4higkeit seiner eigenen Techniker und erm\u00f6glicht es, auf die Bed\u00fcrfnisse des Kunden zugeschnittene L\u00f6sungen zu identifizieren, zu entwerfen und letztendlich zu erstellen.<\/p>\n<p>Die F\u00e4higkeit, den gesamten Prozess zu \u00fcbernehmen (vom Design bis zur Realisierung), macht Iltar-Italbox zum idealen Partner f\u00fcr f\u00fchrende Automobil-players, mit denen oft eine intensive Beziehung von Co-Design geschafft wird.[\/vc_column_text][\/vc_column][vc_column width=&#8220;1\/2&#8243;][vc_single_image image=&#8220;1662&#8243; img_size=&#8220;large&#8220; css=&#8220;.vc_custom_1492509632766{margin-top: 25px !important;}&#8220;][\/vc_column][\/vc_row]<\/p>\n","protected":false},"excerpt":{"rendered":"<p>[vc_row css=&#8220;.vc_custom_1491831592500{margin-bottom: 100px !important;}&#8220;][vc_column width=&#8220;1\/2&#8243;][vc_column_text]Die zunehmende Verwendung in Automobil Sektor von gesch\u00e4umten Komponenten aus Expandiertes Polypropylen (EPP) wird durch die besonderen Eigenschaften dieses Materials bestimmt. Elastisch, widerstandsf\u00e4hig und in der Lage, akustische und thermische Isolierung zu bieten, das Expandiertes Polypropylen (EPP) erm\u00f6glicht die Erstellung von eine breitere Palette von leichten Komponenten: eine unverzichtbare Qualit\u00e4t f\u00fcr [&hellip;]<\/p>\n","protected":false},"author":6,"featured_media":0,"parent":0,"menu_order":0,"comment_status":"closed","ping_status":"closed","template":"","meta":{"footnotes":""},"class_list":["post-1906","page","type-page","status-publish","hentry"],"_links":{"self":[{"href":"https:\/\/www.iltar-italbox.it\/de\/wp-json\/wp\/v2\/pages\/1906","targetHints":{"allow":["GET"]}}],"collection":[{"href":"https:\/\/www.iltar-italbox.it\/de\/wp-json\/wp\/v2\/pages"}],"about":[{"href":"https:\/\/www.iltar-italbox.it\/de\/wp-json\/wp\/v2\/types\/page"}],"author":[{"embeddable":true,"href":"https:\/\/www.iltar-italbox.it\/de\/wp-json\/wp\/v2\/users\/6"}],"replies":[{"embeddable":true,"href":"https:\/\/www.iltar-italbox.it\/de\/wp-json\/wp\/v2\/comments?post=1906"}],"version-history":[{"count":2,"href":"https:\/\/www.iltar-italbox.it\/de\/wp-json\/wp\/v2\/pages\/1906\/revisions"}],"predecessor-version":[{"id":1932,"href":"https:\/\/www.iltar-italbox.it\/de\/wp-json\/wp\/v2\/pages\/1906\/revisions\/1932"}],"wp:attachment":[{"href":"https:\/\/www.iltar-italbox.it\/de\/wp-json\/wp\/v2\/media?parent=1906"}],"curies":[{"name":"wp","href":"https:\/\/api.w.org\/{rel}","templated":true}]}}