{"id":1908,"date":"2016-07-27T09:02:41","date_gmt":"2016-07-27T09:02:41","guid":{"rendered":"http:\/\/www.iltar-italbox.it\/imballaggio-industriale-polistirolo-espanso\/"},"modified":"2017-10-23T13:41:40","modified_gmt":"2017-10-23T13:41:40","slug":"industrielle-verpackung-expandiertes-polystyrol","status":"publish","type":"page","link":"https:\/\/www.iltar-italbox.it\/de\/industrielle-verpackung-expandiertes-polystyrol\/","title":{"rendered":"Einweg Industrielle Verpackung aus Expandiertes Polystyrol (EPS)"},"content":{"rendered":"<p>[vc_row css=&#8220;.vc_custom_1491226721012{margin-bottom: 100px !important;}&#8220;][vc_column width=&#8220;1\/2&#8243;][vc_column_text]Die Vielseitigkeit und Leichtigkeit von Expandiertes Polystyrol, gepaart mit einer besonderen Design-Sensibilit\u00e4t, sind die Basis f\u00fcr die Iltar-Italbox-L\u00f6sungen f\u00fcr Einwegverpackungen die &#8211; neben Automobilkunden \u2013 auch f\u00fcr vielen anderen Industriebereichen: Haushaltsger\u00e4te, Elektronik, IT und Sanit\u00e4r bestimmt sind.<\/p>\n<p>Entw\u00fcrfe und spezifische Durchf\u00fchrungen umfassen auch Design und Verpackung f\u00fcr Objekte, die f\u00fcr das Endverbraucher bestimmt sind.[\/vc_column_text][\/vc_column][vc_column width=&#8220;1\/2&#8243;][vc_single_image image=&#8220;1694&#8243; img_size=&#8220;large&#8220;][\/vc_column][\/vc_row]<\/p>\n","protected":false},"excerpt":{"rendered":"<p>[vc_row css=&#8220;.vc_custom_1491226721012{margin-bottom: 100px !important;}&#8220;][vc_column width=&#8220;1\/2&#8243;][vc_column_text]Die Vielseitigkeit und Leichtigkeit von Expandiertes Polystyrol, gepaart mit einer besonderen Design-Sensibilit\u00e4t, sind die Basis f\u00fcr die Iltar-Italbox-L\u00f6sungen f\u00fcr Einwegverpackungen die &#8211; neben Automobilkunden \u2013 auch f\u00fcr vielen anderen Industriebereichen: Haushaltsger\u00e4te, Elektronik, IT und Sanit\u00e4r bestimmt sind. Entw\u00fcrfe und spezifische Durchf\u00fchrungen umfassen auch Design und Verpackung f\u00fcr Objekte, die f\u00fcr das [&hellip;]<\/p>\n","protected":false},"author":6,"featured_media":0,"parent":0,"menu_order":0,"comment_status":"closed","ping_status":"closed","template":"","meta":{"footnotes":""},"class_list":["post-1908","page","type-page","status-publish","hentry"],"_links":{"self":[{"href":"https:\/\/www.iltar-italbox.it\/de\/wp-json\/wp\/v2\/pages\/1908","targetHints":{"allow":["GET"]}}],"collection":[{"href":"https:\/\/www.iltar-italbox.it\/de\/wp-json\/wp\/v2\/pages"}],"about":[{"href":"https:\/\/www.iltar-italbox.it\/de\/wp-json\/wp\/v2\/types\/page"}],"author":[{"embeddable":true,"href":"https:\/\/www.iltar-italbox.it\/de\/wp-json\/wp\/v2\/users\/6"}],"replies":[{"embeddable":true,"href":"https:\/\/www.iltar-italbox.it\/de\/wp-json\/wp\/v2\/comments?post=1908"}],"version-history":[{"count":2,"href":"https:\/\/www.iltar-italbox.it\/de\/wp-json\/wp\/v2\/pages\/1908\/revisions"}],"predecessor-version":[{"id":1936,"href":"https:\/\/www.iltar-italbox.it\/de\/wp-json\/wp\/v2\/pages\/1908\/revisions\/1936"}],"wp:attachment":[{"href":"https:\/\/www.iltar-italbox.it\/de\/wp-json\/wp\/v2\/media?parent=1908"}],"curies":[{"name":"wp","href":"https:\/\/api.w.org\/{rel}","templated":true}]}}