{"id":1909,"date":"2016-07-27T09:32:22","date_gmt":"2016-07-27T09:32:22","guid":{"rendered":"http:\/\/www.iltar-italbox.it\/applicazioni-polipropilene-espanso\/"},"modified":"2017-10-23T13:44:33","modified_gmt":"2017-10-23T13:44:33","slug":"andere-anwendungen-expandiertes-polypropylen","status":"publish","type":"page","link":"https:\/\/www.iltar-italbox.it\/de\/andere-anwendungen-expandiertes-polypropylen\/","title":{"rendered":"Andere Anwendungen aus Expandiertes Polypropylen (EPP)"},"content":{"rendered":"<p>[vc_row css=&#8220;.vc_custom_1491226760646{margin-bottom: 100px !important;}&#8220;][vc_column width=&#8220;1\/2&#8243;][vc_column_text]lltar-Italbox verfolgt mit gro\u00dfer Sorgfalt die Anwendungsentwicklungen, die &#8211; aufgrund der Eigenschaften des Expandiertes Polypropylen &#8211; neue Horizonten in Bezug auf spezifische L\u00f6sungen er\u00f6ffnen.<\/p>\n<p>Die W\u00e4rmed\u00e4mmung &#8211; zum Beispiel &#8211; erm\u00f6glicht es, thermische Container f\u00fcr den Transport von Lebensmitteln auf dem Gebiet der Gastronomie zu produzieren. Die EPP ist bei 120 \u00b0 waschbar, Wasser-best\u00e4ndig, chemikalienresistent und wiederverwendbar.<\/p>\n<p>Ebenso macht Vielseitigkeit und Robustheit es m\u00f6glich, Objekte f\u00fcr die Sanit\u00e4r-, Design- oder sogar Werbeartikel oder Spielzeuge zu produzieren.[\/vc_column_text][\/vc_column][vc_column width=&#8220;1\/2&#8243;][vc_single_image image=&#8220;1580&#8243; img_size=&#8220;large&#8220; css=&#8220;.vc_custom_1491832252314{margin-top: -15px !important;}&#8220;][\/vc_column][\/vc_row]<\/p>\n","protected":false},"excerpt":{"rendered":"<p>[vc_row css=&#8220;.vc_custom_1491226760646{margin-bottom: 100px !important;}&#8220;][vc_column width=&#8220;1\/2&#8243;][vc_column_text]lltar-Italbox verfolgt mit gro\u00dfer Sorgfalt die Anwendungsentwicklungen, die &#8211; aufgrund der Eigenschaften des Expandiertes Polypropylen &#8211; neue Horizonten in Bezug auf spezifische L\u00f6sungen er\u00f6ffnen. Die W\u00e4rmed\u00e4mmung &#8211; zum Beispiel &#8211; erm\u00f6glicht es, thermische Container f\u00fcr den Transport von Lebensmitteln auf dem Gebiet der Gastronomie zu produzieren. Die EPP ist bei 120 [&hellip;]<\/p>\n","protected":false},"author":6,"featured_media":0,"parent":0,"menu_order":0,"comment_status":"closed","ping_status":"closed","template":"","meta":{"footnotes":""},"class_list":["post-1909","page","type-page","status-publish","hentry"],"_links":{"self":[{"href":"https:\/\/www.iltar-italbox.it\/de\/wp-json\/wp\/v2\/pages\/1909","targetHints":{"allow":["GET"]}}],"collection":[{"href":"https:\/\/www.iltar-italbox.it\/de\/wp-json\/wp\/v2\/pages"}],"about":[{"href":"https:\/\/www.iltar-italbox.it\/de\/wp-json\/wp\/v2\/types\/page"}],"author":[{"embeddable":true,"href":"https:\/\/www.iltar-italbox.it\/de\/wp-json\/wp\/v2\/users\/6"}],"replies":[{"embeddable":true,"href":"https:\/\/www.iltar-italbox.it\/de\/wp-json\/wp\/v2\/comments?post=1909"}],"version-history":[{"count":2,"href":"https:\/\/www.iltar-italbox.it\/de\/wp-json\/wp\/v2\/pages\/1909\/revisions"}],"predecessor-version":[{"id":1938,"href":"https:\/\/www.iltar-italbox.it\/de\/wp-json\/wp\/v2\/pages\/1909\/revisions\/1938"}],"wp:attachment":[{"href":"https:\/\/www.iltar-italbox.it\/de\/wp-json\/wp\/v2\/media?parent=1909"}],"curies":[{"name":"wp","href":"https:\/\/api.w.org\/{rel}","templated":true}]}}