{"id":1910,"date":"2017-04-10T09:43:17","date_gmt":"2017-04-10T09:43:17","guid":{"rendered":"http:\/\/www.iltar-italbox.it\/servizi\/"},"modified":"2017-10-23T13:50:18","modified_gmt":"2017-10-23T13:50:18","slug":"leistungen","status":"publish","type":"page","link":"https:\/\/www.iltar-italbox.it\/de\/leistungen\/","title":{"rendered":"Leistungen"},"content":{"rendered":"<p>[vc_row][vc_column width=&#8220;1\/2&#8243;][vc_column_text css=&#8220;.vc_custom_1508766612287{margin-bottom: 100px !important;}&#8220;]<strong>Im Kundenservice<br \/>\n<\/strong>Iltar-Italbox stellt den Kunden in den Mittelpunkt der Aufmerksamkeit: eine strategische Wahl, die in eine Reihe von Dienstleistungen umgesetzt wird, die den Kunden w\u00e4hrend des gesamten Produktionsprozesses unterst\u00fctzen, vom Design bis hin zum genauen Logistikmanagement, wie Z.B., die p\u00fcnktliche Lieferung des fertigen Produktes.<br \/>\nMit dieser Philosophie hat Iltar-Italbox eine echte vertikale Integration des Produktionsprozesses erreicht, um dem Kunden neben einem hohen qualitativen und quantitativen Produktionsstandard, die Kontrolle und Eind\u00e4mmung der Produktionszeiten zu garantieren.<\/p>\n<p>Neben der Produktionsabteilung, das Prozess wird begleitet von:<\/p>\n<ul>\n<li><strong>Ein internes CAD \/ CAM Designb\u00fcro<br \/>\n<\/strong>Das Designteam ist in der Lage, eine Auslegung der zu erstellenden Komponenten zu entwickeln, das den spezifischen Bed\u00fcrfnissen des Kunden entspricht. Iltar-Italbox-Designer sind an die enge Zusammenarbeit mit dem Kunden (Co-Design) gew\u00f6hnt. Das gleiche B\u00fcro verarbeitet auch Mathematik, um eine pr\u00e4zise Gestaltung der Formen zu gew\u00e4hrleisten.<\/li>\n<li><strong>Das Prototyplabor<br \/>\n<\/strong>Die enge Zusammenarbeit zwischen dem Designb\u00fcro und der internen Werkstatt erm\u00f6glicht es, Prototypen in Expandiertes Polystyrol sowie Polypropylen in sehr kurzen Zeiten herzustellen.<\/li>\n<li><strong>Die interne Werkstatt<br \/>\n<\/strong>Der Bereich &#8211; speziell ausger\u00fcstet &#8211; ist in der Lage, Formen und Kontrolllehren zu machen, wenn die besonderen Anforderungen des Kunden dies erfordern (reduzierte Zeit, besondere Komplexit\u00e4t, Vertraulichkeit);<\/li>\n<li><strong>Logistische Unterst\u00fctzung<\/strong><br \/>\nDie Logistikdienstleistungen von Iltar-Italbox bieten dem Kunden, auch durch EDI-Verbindungen, Transportl\u00f6sungen, Lieferung, Abruf und Lagerung der Produktkomponenten.<\/li>\n<\/ul>\n<p>[\/vc_column_text][\/vc_column][vc_column width=&#8220;1\/2&#8243;][vc_single_image image=&#8220;1710&#8243; img_size=&#8220;large&#8220; css=&#8220;.vc_custom_1494258198074{margin-top: 20px !important;}&#8220;][vc_single_image image=&#8220;1739&#8243; img_size=&#8220;large&#8220;][\/vc_column][\/vc_row]<\/p>\n","protected":false},"excerpt":{"rendered":"<p>[vc_row][vc_column width=&#8220;1\/2&#8243;][vc_column_text css=&#8220;.vc_custom_1508766612287{margin-bottom: 100px !important;}&#8220;]Im Kundenservice Iltar-Italbox stellt den Kunden in den Mittelpunkt der Aufmerksamkeit: eine strategische Wahl, die in eine Reihe von Dienstleistungen umgesetzt wird, die den Kunden w\u00e4hrend des gesamten Produktionsprozesses unterst\u00fctzen, vom Design bis hin zum genauen Logistikmanagement, wie Z.B., die p\u00fcnktliche Lieferung des fertigen Produktes. Mit dieser Philosophie hat Iltar-Italbox eine [&hellip;]<\/p>\n","protected":false},"author":6,"featured_media":0,"parent":0,"menu_order":0,"comment_status":"closed","ping_status":"closed","template":"","meta":{"footnotes":""},"class_list":["post-1910","page","type-page","status-publish","hentry"],"_links":{"self":[{"href":"https:\/\/www.iltar-italbox.it\/de\/wp-json\/wp\/v2\/pages\/1910","targetHints":{"allow":["GET"]}}],"collection":[{"href":"https:\/\/www.iltar-italbox.it\/de\/wp-json\/wp\/v2\/pages"}],"about":[{"href":"https:\/\/www.iltar-italbox.it\/de\/wp-json\/wp\/v2\/types\/page"}],"author":[{"embeddable":true,"href":"https:\/\/www.iltar-italbox.it\/de\/wp-json\/wp\/v2\/users\/6"}],"replies":[{"embeddable":true,"href":"https:\/\/www.iltar-italbox.it\/de\/wp-json\/wp\/v2\/comments?post=1910"}],"version-history":[{"count":3,"href":"https:\/\/www.iltar-italbox.it\/de\/wp-json\/wp\/v2\/pages\/1910\/revisions"}],"predecessor-version":[{"id":1941,"href":"https:\/\/www.iltar-italbox.it\/de\/wp-json\/wp\/v2\/pages\/1910\/revisions\/1941"}],"wp:attachment":[{"href":"https:\/\/www.iltar-italbox.it\/de\/wp-json\/wp\/v2\/media?parent=1910"}],"curies":[{"name":"wp","href":"https:\/\/api.w.org\/{rel}","templated":true}]}}