{"id":1912,"date":"2017-04-04T08:07:23","date_gmt":"2017-04-04T08:07:23","guid":{"rendered":"http:\/\/www.iltar-italbox.it\/politica-della-qualita-e-attenzione-allambiente\/"},"modified":"2024-09-09T08:43:15","modified_gmt":"2024-09-09T08:43:15","slug":"qualitaetspolitik-aufmerksamkeit-fuer-umwelt-und-menschen","status":"publish","type":"page","link":"https:\/\/www.iltar-italbox.it\/de\/qualitaetspolitik-aufmerksamkeit-fuer-umwelt-und-menschen\/","title":{"rendered":"Qualit\u00e4tspolitik, Aufmerksamkeit f\u00fcr Umwelt und Menschen"},"content":{"rendered":"<p>[vc_row][vc_column][vc_column_text]<\/p>\n<div class=\"vc_row wpb_row vc_row-fluid vc_custom_1491226443329\">\n<div class=\"wpb_column vc_column_container vc_col-sm-12\">\n<div class=\"vc_column-inner \">\n<div class=\"wpb_wrapper\">\n<div class=\"wpb_text_column wpb_content_element \">\n<div class=\"wpb_wrapper\">\n<p><strong>Qualit\u00e4tspolitik &#8211; <a href=\"http:\/\/www.iltar-italbox.it\/wp-content\/uploads\/2020\/02\/Politica-qualita-2018.pdf\" target=\"_blank\" rel=\"noopener noreferrer\">Dokument herunterladen<\/a><br \/>\n<\/strong><\/p>\n<p>Die Qualit\u00e4tspolitik von Iltar-Italbox basiert auf der \u00dcberzeugung, dass die maximale Kundenzufriedenheit im Einklang mit ihren expliziten und impliziten Erwartungen und Anforderungen durch die hohe Qualit\u00e4t der angebotenen Produkte und Dienstleistungen erreicht wird.<\/p>\n<p>Das gesamte Business-Management-System basiert auf einer kontinuierlichen Verbesserung: Dieser Ansatz, das die Beteiligung von alle erfordert, erm\u00f6glicht es Iltar-Italbox, seine F\u00e4higkeit, die Bed\u00fcrfnisse und Erwartungen seiner Kunden zu erf\u00fcllen und zu erh\u00f6hen.<\/p>\n<p>Der Gesch\u00e4ftsgipfel, ausgehend von Kunden- und Marktbed\u00fcrfnissen, definiert j\u00e4hrlich einen Verbesserungsplan und spezifiziert seine Ziele. Iltar-Italbox Lieferanten und Partner sind auch am Prozess beteiligt: \u200b\u200bSie sind in der Tat ein wichtiger Ring der Produktionskette.<\/p>\n<p>Die Verbesserung des Unternehmens erfordert notwendigerweise auch das professionelle und kulturelle auf allen Ebenen der Organisation.<\/p>\n<p>Die gesamte Organisation von Iltar-Italbox basiert auf den Grunds\u00e4tzen des Qualit\u00e4tsmanagementsystems nach IATF 16949:2016 und UNI EN ISO 9001: 2015.<\/p>\n<p><strong>Achtung der Umwelt &#8211; <a href=\"http:\/\/www.iltar-italbox.it\/wp-content\/uploads\/2020\/02\/Politica-Ambientale.pdf\" target=\"_blank\" rel=\"noopener noreferrer\">Dokument herunterladen<\/a><br \/>\n<\/strong><\/p>\n<p>Iltar-Italbox verfolgt die kontinuierliche und nachhaltige Verbesserung der Umweltleistung und verpflichtet sich, die Verschmutzung zu verhindern, indem sie ein faires Gleichgewicht zwischen sozialer, \u00f6kologischer und \u00f6konomischer Verantwortung aufrechterh\u00e4lt.<\/p>\n<p>Iltar-Italbox hat auch &#8211; auf allen Ebenen seiner Organisation &#8211; ein spezielles Umweltmanagementsystem implementiert, das nach ISO 14001: 2015 zertifiziert ist.<\/p>\n<\/div>\n<\/div>\n<\/div>\n<\/div>\n<\/div>\n<\/div>\n<p>[\/vc_column_text][vc_column_text]<\/p>\n<div class=\"vc_row wpb_row vc_row-fluid vc_custom_1491226443329\">\n<div class=\"wpb_column vc_column_container vc_col-sm-12\">\n<div class=\"vc_column-inner \">\n<div class=\"wpb_wrapper\">\n<div class=\"wpb_text_column wpb_content_element \">\n<div class=\"wpb_wrapper\">\n<p><strong>Aufmerksamkeit f\u00fcr Menschen \u2013 <u><a href=\"http:\/\/www.iltar-italbox.it\/wp-content\/uploads\/2022\/07\/politica-di-sicurezza.pdf\" target=\"_blank\" rel=\"noopener noreferrer\">Dokument herunterladen<\/a><\/u><\/strong><\/p>\n<p>Iltar-Italbox arbeitet mit Respekt und Aufmerksamkeit f\u00fcr die Menschen, indem es sich verpflichtet, durch kontinuierliche und nachhaltige Verbesserung des Sicherheitsmanagements am Arbeitsplatz und das Engagement und Bewusstsein interessierter Parteien ein sicheres und gesundes Arbeitsumfeld zu gew\u00e4hrleisten.<\/p>\n<p>Iltar-Italbox hat in seiner Organisation ein spezifisches Gesundheits- und Sicherheitsmanagementsystem am Arbeitsplatz ausgew\u00e4hlt und implementiert, das nach der Norm ISO 45001: 2018 zertifiziert ist.<\/p>\n<\/div>\n<\/div>\n<\/div>\n<\/div>\n<\/div>\n<\/div>\n<p>[\/vc_column_text][vc_column_text]<strong>Der Fokus auf Informationssicherheit &#8211; <a href=\"http:\/\/www.iltar-italbox.it\/wp-content\/uploads\/2024\/09\/DS03-P23-Politica-Sicurezza-delle-Informazioni_SITO_ILTAR.pdf\">Dokument herunterladen<\/a><\/strong><br \/>\nIltar-Italbox setzt sich kontinuierlich f\u00fcr die Informationssicherheit ein und ergreift Ma\u00dfnahmen, um den Datenschutz und die Einhaltung der von der Automobilindustrie geforderten Sicherheitsstandards zu gew\u00e4hrleisten. Durch einen kontinuierlichen Verbesserungsprozess stellen wir sicher, dass alle sensiblen Daten sicher gehandhabt werden, indem wir alle Beteiligten einbeziehen und sensibilisieren.<br \/>\nIltar-Italbox hat in seiner Organisation ein nach dem TISAX-Modell (Trusted Information Security Assessment Exchange) zertifiziertes Informationssicherheitsmanagementsystem eingef\u00fchrt, das die Einhaltung der hohen Sicherheitsstandards gew\u00e4hrleistet, die von Partnern und Kunden in der Branche gefordert werden.[\/vc_column_text][\/vc_column][\/vc_row][vc_row css=&#8220;.vc_custom_1492509533410{margin-bottom: 100px !important;}&#8220;][vc_column width=&#8220;1\/3&#8243;][vc_single_image image=&#8220;1698&#8243; img_size=&#8220;large&#8220;][\/vc_column][vc_column width=&#8220;1\/3&#8243;][vc_single_image image=&#8220;1674&#8243; img_size=&#8220;large&#8220;][\/vc_column][vc_column width=&#8220;1\/3&#8243;][vc_single_image image=&#8220;1660&#8243; img_size=&#8220;large&#8220;][\/vc_column][\/vc_row]<\/p>\n","protected":false},"excerpt":{"rendered":"<p>[vc_row][vc_column][vc_column_text] Qualit\u00e4tspolitik &#8211; Dokument herunterladen Die Qualit\u00e4tspolitik von Iltar-Italbox basiert auf der \u00dcberzeugung, dass die maximale Kundenzufriedenheit im Einklang mit ihren expliziten und impliziten Erwartungen und Anforderungen durch die hohe Qualit\u00e4t der angebotenen Produkte und Dienstleistungen erreicht wird. Das gesamte Business-Management-System basiert auf einer kontinuierlichen Verbesserung: Dieser Ansatz, das die Beteiligung von alle erfordert, erm\u00f6glicht [&hellip;]<\/p>\n","protected":false},"author":6,"featured_media":0,"parent":0,"menu_order":1,"comment_status":"closed","ping_status":"closed","template":"","meta":{"footnotes":""},"class_list":["post-1912","page","type-page","status-publish","hentry"],"_links":{"self":[{"href":"https:\/\/www.iltar-italbox.it\/de\/wp-json\/wp\/v2\/pages\/1912","targetHints":{"allow":["GET"]}}],"collection":[{"href":"https:\/\/www.iltar-italbox.it\/de\/wp-json\/wp\/v2\/pages"}],"about":[{"href":"https:\/\/www.iltar-italbox.it\/de\/wp-json\/wp\/v2\/types\/page"}],"author":[{"embeddable":true,"href":"https:\/\/www.iltar-italbox.it\/de\/wp-json\/wp\/v2\/users\/6"}],"replies":[{"embeddable":true,"href":"https:\/\/www.iltar-italbox.it\/de\/wp-json\/wp\/v2\/comments?post=1912"}],"version-history":[{"count":10,"href":"https:\/\/www.iltar-italbox.it\/de\/wp-json\/wp\/v2\/pages\/1912\/revisions"}],"predecessor-version":[{"id":2335,"href":"https:\/\/www.iltar-italbox.it\/de\/wp-json\/wp\/v2\/pages\/1912\/revisions\/2335"}],"wp:attachment":[{"href":"https:\/\/www.iltar-italbox.it\/de\/wp-json\/wp\/v2\/media?parent=1912"}],"curies":[{"name":"wp","href":"https:\/\/api.w.org\/{rel}","templated":true}]}}