{"id":1913,"date":"2017-04-04T08:14:09","date_gmt":"2017-04-04T08:14:09","guid":{"rendered":"http:\/\/www.iltar-italbox.it\/certificazioni\/"},"modified":"2024-11-21T16:01:35","modified_gmt":"2024-11-21T16:01:35","slug":"zertifizierungen","status":"publish","type":"page","link":"https:\/\/www.iltar-italbox.it\/de\/zertifizierungen\/","title":{"rendered":"Zertifizierungen"},"content":{"rendered":"<p>[vc_row][vc_column][vc_column_text]<\/p>\n<div class=\"vc_row wpb_row vc_row-fluid vc_custom_1491226443329\">\n<div class=\"wpb_column vc_column_container vc_col-sm-12\">\n<div class=\"vc_column-inner \">\n<div class=\"wpb_wrapper\">\n<div class=\"wpb_text_column wpb_content_element \">\n<div class=\"wpb_wrapper\">\n<p>Text: Iltar-Italbox ist zertifiziert nach IATF 16949:2016 Spezifikation f\u00fcr den Automobilsektor und nach UNI EN ISO 9001: 2015 Standard f\u00fcr die Planung und Herstellung von Expandiertes Polystyrol und Polypropylen-Artikeln und f\u00fcr die Planung und Konstruktion von Formen.<\/p>\n<p>In Umweltangelegenheiten ist es nach UNI EN ISO 14001: 2015 zertifiziert<br \/>\nAus Sicherheitsgr\u00fcnden ist es nach der Norm ISO 45001 zertifiziert<\/p>\n<\/div>\n<\/div>\n<\/div>\n<\/div>\n<\/div>\n<\/div>\n<p>[\/vc_column_text][\/vc_column][\/vc_row][vc_row css=&#8220;.vc_custom_1492509412843{margin-bottom: 100px !important;}&#8220;][vc_column width=&#8220;1\/4&#8243;][vc_single_image image=&#8220;2350&#8243; img_size=&#8220;medium&#8220; onclick=&#8220;custom_link&#8220; link=&#8220;http:\/\/www.iltar-italbox.it\/wp-content\/uploads\/2024\/11\/ITITE_000360_Generic-Certificate-ISO9001.pdf&#8220;][\/vc_column][vc_column width=&#8220;1\/4&#8243;][vc_single_image image=&#8220;2344&#8243; img_size=&#8220;medium&#8220; onclick=&#8220;custom_link&#8220; link=&#8220;http:\/\/www.iltar-italbox.it\/wp-content\/uploads\/2024\/11\/ITITE_000049_Certificate-IATF16949.pdf&#8220;][\/vc_column][vc_column width=&#8220;1\/4&#8243;][vc_single_image image=&#8220;2294&#8243; img_size=&#8220;medium&#8220; onclick=&#8220;custom_link&#8220; link=&#8220;http:\/\/www.iltar-italbox.it\/wp-content\/uploads\/2023\/11\/ISO-45001-ITA.pdf&#8220;][\/vc_column][vc_column width=&#8220;1\/4&#8243;][vc_single_image image=&#8220;2228&#8243; img_size=&#8220;medium&#8220; onclick=&#8220;custom_link&#8220; link=&#8220;http:\/\/www.iltar-italbox.it\/wp-content\/uploads\/2022\/09\/ISO-14001.pdf&#8220;][\/vc_column][\/vc_row]<\/p>\n","protected":false},"excerpt":{"rendered":"<p>[vc_row][vc_column][vc_column_text] Text: Iltar-Italbox ist zertifiziert nach IATF 16949:2016 Spezifikation f\u00fcr den Automobilsektor und nach UNI EN ISO 9001: 2015 Standard f\u00fcr die Planung und Herstellung von Expandiertes Polystyrol und Polypropylen-Artikeln und f\u00fcr die Planung und Konstruktion von Formen. In Umweltangelegenheiten ist es nach UNI EN ISO 14001: 2015 zertifiziert Aus Sicherheitsgr\u00fcnden ist es nach der [&hellip;]<\/p>\n","protected":false},"author":6,"featured_media":0,"parent":0,"menu_order":2,"comment_status":"closed","ping_status":"closed","template":"","meta":{"footnotes":""},"class_list":["post-1913","page","type-page","status-publish","hentry"],"_links":{"self":[{"href":"https:\/\/www.iltar-italbox.it\/de\/wp-json\/wp\/v2\/pages\/1913","targetHints":{"allow":["GET"]}}],"collection":[{"href":"https:\/\/www.iltar-italbox.it\/de\/wp-json\/wp\/v2\/pages"}],"about":[{"href":"https:\/\/www.iltar-italbox.it\/de\/wp-json\/wp\/v2\/types\/page"}],"author":[{"embeddable":true,"href":"https:\/\/www.iltar-italbox.it\/de\/wp-json\/wp\/v2\/users\/6"}],"replies":[{"embeddable":true,"href":"https:\/\/www.iltar-italbox.it\/de\/wp-json\/wp\/v2\/comments?post=1913"}],"version-history":[{"count":14,"href":"https:\/\/www.iltar-italbox.it\/de\/wp-json\/wp\/v2\/pages\/1913\/revisions"}],"predecessor-version":[{"id":2354,"href":"https:\/\/www.iltar-italbox.it\/de\/wp-json\/wp\/v2\/pages\/1913\/revisions\/2354"}],"wp:attachment":[{"href":"https:\/\/www.iltar-italbox.it\/de\/wp-json\/wp\/v2\/media?parent=1913"}],"curies":[{"name":"wp","href":"https:\/\/api.w.org\/{rel}","templated":true}]}}