{"id":2059,"date":"2020-02-20T18:18:59","date_gmt":"2020-02-20T18:18:59","guid":{"rendered":"http:\/\/www.iltar-italbox.it\/?page_id=2059\/"},"modified":"2021-03-25T16:24:42","modified_gmt":"2021-03-25T16:24:42","slug":"ueber-uns","status":"publish","type":"page","link":"https:\/\/www.iltar-italbox.it\/de\/ueber-uns\/","title":{"rendered":"\u00dcber uns"},"content":{"rendered":"<p>[vc_row css=&#8220;.vc_custom_1491297484219{margin-bottom: 100px !important;}&#8220;][vc_column width=&#8220;1\/2&#8243;][vc_column_text]<strong>Ein Marktf\u00fchrer<\/strong><\/p>\n<p>Itar-Italbox S.p.A. ist ein europ\u00e4ischer Marktf\u00fchrer bei der Design und Fertigung von Elementen und Komponenten in Expandiertes Polypropylen &#8211; EPP, Expandiertes Polyethylen &#8211; EPE, Expandiertes Polystyrol &#8211; EPS.<br \/>\nSeit fast sechzig Jahren auf dem Markt Itar-Italbox hat seine Kompetenz in Exzellenz und Produktionskapazit\u00e4ten (die Produktionsanlage belegt 110.000 Quadratmeter) in folgenden Bereichen konsolidiert:<\/p>\n<ul>\n<li>Komponenten aus Expandiertes Polypropylen (EPP) insbesondere im Automobilsektor;<\/li>\n<li>Wiederverwendbare Expandiertes Polypropylen- (EPP) und Polyethylen Schaum (EPE) Verpackungen, entworfen und hergestellt um die Anforderungen von Handhabungsbed\u00fcrfnisse (Handling) und von Industrie Komponenten Logistik;<\/li>\n<li>Einwegverpackungen in Expandiertes Polystyrol (EPS) f\u00fcr den industriellen Markt und f\u00fcr Produkte, die f\u00fcr den Endverbraucher bestimmt sind.<\/li>\n<\/ul>\n<p>Das Angebot von Iltar-Italbox gilt auch f\u00fcr Spezialsektoren wie Beh\u00e4ltern f\u00fcr den Transport von Lebensmitteln (Catering, Kantinen, Schulen), thermohydraulische Ger\u00e4te, Design, Werbeartikel und Spielzeuge.<br \/>\nKontinuierliche Suche nach fertiger Produktqualit\u00e4t und vor allem Qualit\u00e4t der Produktionsprozesse ist die beste Garantie f\u00fcr die Kundenzufriedenheit.<br \/>\nSeit 2003 hat sich das Unternehmen dem Projekt \u201eFrom Concept to Car\u201c angeschlossen, einem Pool von Automotive Excellence Unternehmen.<br \/>\nF &amp; E ist intensiv: Jedes Jahr werden Hunderte von neuen Projekten f\u00fcr die verschiedenen operativen Sektoren produziert und dar\u00fcber hinaus hat Iltar-Italbox im Laufe der Zeit zahlreiche Patente f\u00fcr Verpackungsartikel und Artikel f\u00fcr den Automobilsektor eingereicht.<br \/>\nDie Reichtum- und Designinnovation hat dazu gef\u00fchrt, dass das Unternehmen bereits im Jahr 1995 den Oscar der Verpackung, eine prestigetr\u00e4chtige Auszeichnung des italienischen Verpackungsinstituts an die wiederverwendbare Verpackung erhalten hat.<br \/>\nDas Unternehmen ist nach ISO \/ TS 16949: 2009 f\u00fcr den Automobilsektor und nach der Norm UNI EN ISO 9001: 2008 f\u00fcr Design und Herstellung von Expandiertes Polystyrol und Polypropylen Artikeln sowie Design und Formenbau zertifiziert.<br \/>\nDas Thema Umwelt ist nach UNI EN ISO 14001: 2004 zertifiziert, eine Best\u00e4tigung der Aufmerksamkeit gegen\u00fcber der Umwelt durch Iltar-Italbox.[\/vc_column_text][vc_column_text]<strong>Vom Design bis zur Produktion<\/strong><\/p>\n<p>Iltar-Italbox verfolgt seine Mission auf der Grundlage der \u00dcberzeugung, dass Produktqualit\u00e4t das Ergebnis eines globalen Ansatzes ist, der das gesamte Unternehmen durchdringt. Ein weiterer entscheidender Faktor ist die totale Kontrolle aller Prozesse: vom Design (oft in Zusammenarbeit mit dem Kunden) bis hin zur Produktion.<br \/>\nDie Sensibilit\u00e4t f\u00fcr Design, Ergonomie und Effizienz &#8211; eines der Hauptmerkmale des Unternehmens &#8211; garantiert letztlich die Exzellenz des Endergebnisses und damit die Kundenzufriedenheit.<br \/>\nWachsende Aufmerksamkeit ist auf das Thema von \u00e4sthetische Veredelung von Expandiertes Polypropylen-Komponentenoberfl\u00e4chen gesetzt: Ziel ist es, &#8222;sichtbare&#8220; Komponenten zu schaffen, die Qualit\u00e4t, Wirtschaftlichkeit und Gewichtskontrolle bieten.<br \/>\nNeugier, kontinuierliche Innovation und Kompetenz erm\u00f6glichen es Iltar-Italbox, sich vor schwierigen Herausforderungen zu stellen und oftmals erstklassige, innovative und hochmoderne L\u00f6sungen zu finden.<br \/>\nDas jahrzehntelange Werkzeug Erfahrung erm\u00f6glicht es Iltar-Italbox, ein Design anzubieten, das perfekt auf die Besonderheiten des Kunden abgestimmt ist. Gleichzeitig ist das Unternehmen in der Lage, in seinem Eigene Werkstatt Formen zu Herstellen, wenn die Komplexit\u00e4t des Projekts oder die Vertraulichkeit des Projekts es notwendig macht.<br \/>\nSchlie\u00dflich die hochmoderne Anlage bei der Fertigung von Komponenten garantiert neben den hohen Qualit\u00e4tsstandards eine immer produktive quantitative Produktionskapazit\u00e4t.[\/vc_column_text][\/vc_column][vc_column width=&#8220;1\/2&#8243;][vc_single_image image=&#8220;2136&#8243; img_size=&#8220;full&#8220; alignment=&#8220;center&#8220;][\/vc_column][\/vc_row]<\/p>\n","protected":false},"excerpt":{"rendered":"<p>[vc_row css=&#8220;.vc_custom_1491297484219{margin-bottom: 100px !important;}&#8220;][vc_column width=&#8220;1\/2&#8243;][vc_column_text]Ein Marktf\u00fchrer Itar-Italbox S.p.A. ist ein europ\u00e4ischer Marktf\u00fchrer bei der Design und Fertigung von Elementen und Komponenten in Expandiertes Polypropylen &#8211; EPP, Expandiertes Polyethylen &#8211; EPE, Expandiertes Polystyrol &#8211; EPS. Seit fast sechzig Jahren auf dem Markt Itar-Italbox hat seine Kompetenz in Exzellenz und Produktionskapazit\u00e4ten (die Produktionsanlage belegt 110.000 Quadratmeter) in [&hellip;]<\/p>\n","protected":false},"author":6,"featured_media":0,"parent":0,"menu_order":0,"comment_status":"closed","ping_status":"closed","template":"","meta":{"footnotes":""},"class_list":["post-2059","page","type-page","status-publish","hentry"],"_links":{"self":[{"href":"https:\/\/www.iltar-italbox.it\/de\/wp-json\/wp\/v2\/pages\/2059","targetHints":{"allow":["GET"]}}],"collection":[{"href":"https:\/\/www.iltar-italbox.it\/de\/wp-json\/wp\/v2\/pages"}],"about":[{"href":"https:\/\/www.iltar-italbox.it\/de\/wp-json\/wp\/v2\/types\/page"}],"author":[{"embeddable":true,"href":"https:\/\/www.iltar-italbox.it\/de\/wp-json\/wp\/v2\/users\/6"}],"replies":[{"embeddable":true,"href":"https:\/\/www.iltar-italbox.it\/de\/wp-json\/wp\/v2\/comments?post=2059"}],"version-history":[{"count":3,"href":"https:\/\/www.iltar-italbox.it\/de\/wp-json\/wp\/v2\/pages\/2059\/revisions"}],"predecessor-version":[{"id":2139,"href":"https:\/\/www.iltar-italbox.it\/de\/wp-json\/wp\/v2\/pages\/2059\/revisions\/2139"}],"wp:attachment":[{"href":"https:\/\/www.iltar-italbox.it\/de\/wp-json\/wp\/v2\/media?parent=2059"}],"curies":[{"name":"wp","href":"https:\/\/api.w.org\/{rel}","templated":true}]}}