{"id":2204,"date":"2022-07-14T09:24:08","date_gmt":"2022-07-14T09:24:08","guid":{"rendered":"http:\/\/www.iltar-italbox.it\/sicurezza\/"},"modified":"2022-07-14T10:07:28","modified_gmt":"2022-07-14T10:07:28","slug":"sicherheit","status":"publish","type":"page","link":"https:\/\/www.iltar-italbox.it\/de\/sicherheit\/","title":{"rendered":"Sicherheit"},"content":{"rendered":"<p>[vc_row][vc_column][vc_custom_heading text=&#8220;GESUNDHEITS- UND SICHERHEITSPOLITIK&#8220; use_theme_fonts=&#8220;yes&#8220;][vc_column_text]Das Grundprinzip, auf dem unsere Gesundheits- und Sicherheitspolitik basiert, lautet:<\/p>\n<blockquote><p><strong> Aufmerksamkeit f\u00fcr Menschen und die Verpflichtung, ein sicheres und gesundes Arbeitsumfeld zu gew\u00e4hrleisten, durch kontinuierliche und nachhaltige Verbesserung des Gesundheits- und Sicherheitsmanagements am Arbeitsplatz unter Beibehaltung des richtigen Gleichgewichts zwischen sozialer und \u00f6kologischer Verantwortung und Wirtschaftlichkeit &lt;\/ stark&gt; <\/strong><\/p><\/blockquote>\n<p>ILTAR-ITALBOX, mit dem Ziel, dieses Prinzip auf die Managementebene zu \u00fcbertragen, implementiert und pflegt auf allen Ebenen seiner Organisation ein spezifisches Gesundheits- und Sicherheitsmanagementsystem, das der Norm ISO 45001: 2018 entspricht, mit dem Ziel:<\/p>\n<div class=\"list-style-1\">\n<ul>\n<li>Aufrechterhaltung der Einhaltung geltender Gesetze, Vorschriften und anderer freiwilliger Anforderungen, die unterzeichnet wurden und sich auf Fragen der Gesundheit und Sicherheit am Arbeitsplatz beziehen.<\/li>\n<li>Arbeitnehmer sch\u00fctzen, indem Gefahren beseitigt und Risiken f\u00fcr Gesundheit und Sicherheit verringert werden.<\/li>\n<li>Kennen und verstehen Sie den Kontext, in dem das Unternehmen t\u00e4tig ist, und die relevanten internen und externen Faktoren.<\/li>\n<li>Implementieren Sie die Programme, die erforderlich sind, um die mit seinen Aktivit\u00e4ten verbundenen Risiken und Chancen zu managen.<\/li>\n<li>Sensibilisierung der Mitarbeiter bei der Identifizierung, Kontrolle und Verringerung von Risiken durch F\u00f6rderung einer Sicherheitskultur.<\/li>\n<li>F\u00fchren Sie interne und externe Kommunikationsma\u00dfnahmen durch, die darauf abzielen, die Konsultation und Beteiligung der Arbeitnehmer und die angemessene Beteiligung der verschiedenen interessierten Parteien sicherzustellen.<\/li>\n<li>\u00dcberwachen und verbessern Sie Ihre Gesundheits- und Sicherheitsleistung im Einklang mit den festgelegten Zielen.<\/li>\n<\/ul>\n<\/div>\n<p>ILTAR-ITALBOX hat auf der Grundlage der Analyse und Bewertung seiner eigenen Risiken auch spezifische Interventionsbereiche (Ziele) identifiziert, auf die die Aufmerksamkeit mit spezifischen Programmen gerichtet werden muss, die speziell darauf abzielen:<\/p>\n<ul>\n<li>Reduzierung von Risiken in Bezug auf Infrastrukturen\/Anlagen\/Maschinen\/Ausr\u00fcstung;<\/li>\n<li>Eingehende Analyse der \u00dcberwachungsaktivit\u00e4ten zur Unterst\u00fctzung von Risikobewertungen;<\/li>\n<li>Vermeidung von Unf\u00e4llen und Verletzungen durch die Einbeziehung von Arbeitnehmern, die \u00dcberwachung spezieller Indikatoren und die Definition von Verbesserungszielen.<\/li>\n<\/ul>\n<p>ILTAR-ITALBOX verpflichtet sich, die notwendigen Ressourcen zu gew\u00e4hrleisten, um das Gesundheits- und Sicherheitsmanagementsystem effektiv und effizient anzuwenden, Ma\u00dfnahmen zur Sensibilisierung zu f\u00f6rdern und alle Mitarbeiter und externen interessierten Parteien einzubeziehen, um die festgelegten Ziele zu erreichen.[\/vc_column_text][vc_empty_space][\/vc_column][\/vc_row]<\/p>\n","protected":false},"excerpt":{"rendered":"<p>[vc_row][vc_column][vc_custom_heading text=&#8220;GESUNDHEITS- UND SICHERHEITSPOLITIK&#8220; use_theme_fonts=&#8220;yes&#8220;][vc_column_text]Das Grundprinzip, auf dem unsere Gesundheits- und Sicherheitspolitik basiert, lautet: Aufmerksamkeit f\u00fcr Menschen und die Verpflichtung, ein sicheres und gesundes Arbeitsumfeld zu gew\u00e4hrleisten, durch kontinuierliche und nachhaltige Verbesserung des Gesundheits- und Sicherheitsmanagements am Arbeitsplatz unter Beibehaltung des richtigen Gleichgewichts zwischen sozialer und \u00f6kologischer Verantwortung und Wirtschaftlichkeit &lt;\/ stark&gt; ILTAR-ITALBOX, mit dem [&hellip;]<\/p>\n","protected":false},"author":6,"featured_media":0,"parent":0,"menu_order":0,"comment_status":"closed","ping_status":"closed","template":"","meta":{"footnotes":""},"class_list":["post-2204","page","type-page","status-publish","hentry"],"_links":{"self":[{"href":"https:\/\/www.iltar-italbox.it\/de\/wp-json\/wp\/v2\/pages\/2204","targetHints":{"allow":["GET"]}}],"collection":[{"href":"https:\/\/www.iltar-italbox.it\/de\/wp-json\/wp\/v2\/pages"}],"about":[{"href":"https:\/\/www.iltar-italbox.it\/de\/wp-json\/wp\/v2\/types\/page"}],"author":[{"embeddable":true,"href":"https:\/\/www.iltar-italbox.it\/de\/wp-json\/wp\/v2\/users\/6"}],"replies":[{"embeddable":true,"href":"https:\/\/www.iltar-italbox.it\/de\/wp-json\/wp\/v2\/comments?post=2204"}],"version-history":[{"count":3,"href":"https:\/\/www.iltar-italbox.it\/de\/wp-json\/wp\/v2\/pages\/2204\/revisions"}],"predecessor-version":[{"id":2210,"href":"https:\/\/www.iltar-italbox.it\/de\/wp-json\/wp\/v2\/pages\/2204\/revisions\/2210"}],"wp:attachment":[{"href":"https:\/\/www.iltar-italbox.it\/de\/wp-json\/wp\/v2\/media?parent=2204"}],"curies":[{"name":"wp","href":"https:\/\/api.w.org\/{rel}","templated":true}]}}